{"id":2,"date":"2023-09-15T13:24:18","date_gmt":"2023-09-15T13:24:18","guid":{"rendered":"https:\/\/thebigfish.hu\/?page_id=2"},"modified":"2026-03-09T07:54:24","modified_gmt":"2026-03-09T07:54:24","slug":"sample-page","status":"publish","type":"page","link":"https:\/\/thebigfish.hu\/en\/","title":{"rendered":"Home"},"content":{"rendered":"\t\t<div data-elementor-type=\"wp-page\" data-elementor-id=\"2\" class=\"elementor elementor-2\" data-elementor-post-type=\"page\">\n\t\t\t\t<div class=\"elementor-element elementor-element-13f33aae e-con-full e-flex e-con e-parent\" data-id=\"13f33aae\" data-element_type=\"container\" data-e-type=\"container\" data-settings=\"{&quot;background_background&quot;:&quot;video&quot;,&quot;background_privacy_mode&quot;:&quot;yes&quot;,&quot;background_play_on_mobile&quot;:&quot;yes&quot;,&quot;background_video_link&quot;:&quot;https:\\\/\\\/thebigfish.hu\\\/wp-content\\\/uploads\\\/2024\\\/02\\\/9276d918-c3c4-48dc-ae71-b0852b5eb77d.mp4&quot;}\">\n\t\t<div class=\"elementor-background-video-container\">\n\t\t\t\t\t\t\t<video class=\"elementor-background-video-hosted\" role=\"presentation\" autoplay muted playsinline loop><\/video>\n\t\t\t\t\t<\/div><div class=\"elementor-element elementor-element-652eff5e e-con-full e-flex e-con e-child\" data-id=\"652eff5e\" data-element_type=\"container\" data-e-type=\"container\">\n\t\t\t\t<div class=\"elementor-element elementor-element-67636d8 elementor-widget elementor-widget-image\" data-id=\"67636d8\" data-element_type=\"widget\" data-e-type=\"widget\" data-widget_type=\"image.default\">\n\t\t\t\t<div class=\"elementor-widget-container\">\n\t\t\t\t\t\t\t\t\t\t\t\t\t\t\t<img fetchpriority=\"high\" decoding=\"async\" width=\"476\" height=\"476\" src=\"https:\/\/thebigfish.hu\/wp-content\/uploads\/2023\/12\/bigfish_plain_white-min.png\" class=\"attachment-large size-large wp-image-259\" alt=\"\" srcset=\"https:\/\/thebigfish.hu\/wp-content\/uploads\/2023\/12\/bigfish_plain_white-min.png 476w, https:\/\/thebigfish.hu\/wp-content\/uploads\/2023\/12\/bigfish_plain_white-min-300x300.png 300w, https:\/\/thebigfish.hu\/wp-content\/uploads\/2023\/12\/bigfish_plain_white-min-150x150.png 150w\" sizes=\"(max-width: 476px) 100vw, 476px\" \/>\t\t\t\t\t\t\t\t\t\t\t\t\t\t\t<\/div>\n\t\t\t\t<\/div>\n\t\t\t\t<div class=\"elementor-element elementor-element-84ece63 elementor-tablet-align-center elementor-mobile-align-center elementor-widget-tablet__width-initial elementor-widget-mobile__width-inherit elementor-align-center elementor-widget elementor-widget-button\" data-id=\"84ece63\" data-element_type=\"widget\" data-e-type=\"widget\" data-widget_type=\"button.default\">\n\t\t\t\t<div class=\"elementor-widget-container\">\n\t\t\t\t\t\t\t\t\t<div class=\"elementor-button-wrapper\">\n\t\t\t\t\t<a class=\"elementor-button elementor-button-link elementor-size-lg\" href=\"https:\/\/www.sevenrooms.com\/explore\/bigfishseafoodbistro\/reservations\/create\/search\/\" target=\"_blank\" rel=\"noopener\">\n\t\t\t\t\t\t<span class=\"elementor-button-content-wrapper\">\n\t\t\t\t\t\t\t\t\t<span class=\"elementor-button-text\">Asztalfoglal\u00e1s<\/span>\n\t\t\t\t\t<\/span>\n\t\t\t\t\t<\/a>\n\t\t\t\t<\/div>\n\t\t\t\t\t\t\t\t<\/div>\n\t\t\t\t<\/div>\n\t\t\t\t<\/div>\n\t\t\t\t<\/div>\n\t\t<div class=\"elementor-element elementor-element-1efccbff e-con-full e-flex e-con e-parent\" data-id=\"1efccbff\" data-element_type=\"container\" data-e-type=\"container\" data-settings=\"{&quot;background_background&quot;:&quot;classic&quot;}\">\n\t\t<div class=\"elementor-element elementor-element-29268356 e-con-full e-flex e-con e-child\" data-id=\"29268356\" data-element_type=\"container\" data-e-type=\"container\">\n\t\t<div class=\"elementor-element elementor-element-40895b06 e-con-full e-flex e-con e-child\" data-id=\"40895b06\" data-element_type=\"container\" data-e-type=\"container\" data-settings=\"{&quot;background_background&quot;:&quot;classic&quot;}\">\n\t\t\t\t<div class=\"elementor-element elementor-element-48379ad elementor-widget__width-auto elementor-widget elementor-widget-heading\" data-id=\"48379ad\" data-element_type=\"widget\" data-e-type=\"widget\" id=\"rolunk\" data-widget_type=\"heading.default\">\n\t\t\t\t<div class=\"elementor-widget-container\">\n\t\t\t\t\t<h2 class=\"elementor-heading-title elementor-size-default\">BUDAPEST IKONIKUS TENGERI BISZTR\u00d3JA.<\/h2>\t\t\t\t<\/div>\n\t\t\t\t<\/div>\n\t\t\t\t<div class=\"elementor-element elementor-element-a917dc2 elementor-widget elementor-widget-text-editor\" data-id=\"a917dc2\" data-element_type=\"widget\" data-e-type=\"widget\" data-widget_type=\"text-editor.default\">\n\t\t\t\t<div class=\"elementor-widget-container\">\n\t\t\t\t\t\t\t\t\t<p>2013-ban egy olyan egyedi koncepci\u00f3t hoztunk l\u00e9tre, amely egy halpiac \u00e9s egy k\u00f6tetlen, laza hangulat\u00fa \u00e9tterem egyed\u00fcl\u00e1ll\u00f3 f\u00fazi\u00f3ja. Mindezt egy kiv\u00e9teles k\u00f6rnyezetben, az Andr\u00e1ssy \u00fat pezsg\u0151 forgatag\u00e1ban \u00e1lmodtuk meg, sz\u00ednh\u00e1zak, luxus \u00fczletek, boh\u00e9m k\u00e1v\u00e9h\u00e1zak \u00e9s nagyk\u00f6vets\u00e9geknek otthont ad\u00f3 vill\u00e1k k\u00f6zvetlen szomsz\u00e9ds\u00e1g\u00e1ban.<\/p><p>B\u00fcszk\u00e9k vagyunk az orsz\u00e1g legnagyobb \u00e9ttermi tengeri k\u00edn\u00e1lat\u00e1ra. A h\u00e9t minden napj\u00e1n el\u00e9rhet\u0151 a legmagasabb ig\u00e9nyeket kiel\u00e9g\u00edt\u0151 friss osztriga \u00e9s kavi\u00e1r v\u00e1laszt\u00e9kunk, tov\u00e1bb\u00e1 \u00e9l\u0151 hom\u00e1r, sushik \u00e9s sashimik, valamint az \u00e9vek sor\u00e1n ikonikuss\u00e1 v\u00e1lt \u00e9teleink, mint a Fish &amp; Chips, a Marseille-i halleves, a Calamari Fritti, a Polip Carpaccio vagy \u00e9ppen a legjobb hazai halakb\u00f3l k\u00e9sz\u00fcl\u0151 magyar klasszikusok.<\/p>\t\t\t\t\t\t\t\t<\/div>\n\t\t\t\t<\/div>\n\t\t\t\t<div class=\"elementor-element elementor-element-c762d65 elementor-widget__width-auto elementor-widget elementor-widget-heading\" data-id=\"c762d65\" data-element_type=\"widget\" data-e-type=\"widget\" data-widget_type=\"heading.default\">\n\t\t\t\t<div class=\"elementor-widget-container\">\n\t\t\t\t\t<h2 class=\"elementor-heading-title elementor-size-default\">MI A BIGFISH?<\/h2>\t\t\t\t<\/div>\n\t\t\t\t<\/div>\n\t\t\t\t<div class=\"elementor-element elementor-element-e0a542f elementor-widget elementor-widget-text-editor\" data-id=\"e0a542f\" data-element_type=\"widget\" data-e-type=\"widget\" data-widget_type=\"text-editor.default\">\n\t\t\t\t<div class=\"elementor-widget-container\">\n\t\t\t\t\t\t\t\t\tHamis\u00edtatlan halpiac hangulat, hedonizmus, belv\u00e1rosi ny\u00fczsg\u00e9s, csal\u00e1d \u00e9s bar\u00e1tok, vil\u00e1gutaz\u00f3k, tengerparti nyaral\u00e1sok eml\u00e9kei, egy poh\u00e1r pezsg\u0151 p\u00e1r osztrig\u00e1val, k\u00f6zvetlen szerv\u00edz \u00e9s fesztelen l\u00e9gk\u00f6r.\t\t\t\t\t\t\t\t<\/div>\n\t\t\t\t<\/div>\n\t\t\t\t<\/div>\n\t\t<div class=\"elementor-element elementor-element-2514ba0c e-con-full e-flex e-con e-child\" data-id=\"2514ba0c\" data-element_type=\"container\" data-e-type=\"container\" data-settings=\"{&quot;background_background&quot;:&quot;classic&quot;}\">\n\t\t<div class=\"elementor-element elementor-element-a057568 e-con-full e-flex e-con e-child\" data-id=\"a057568\" data-element_type=\"container\" data-e-type=\"container\">\n\t\t\t\t<\/div>\n\t\t\t\t<\/div>\n\t\t\t\t<\/div>\n\t\t<div class=\"elementor-element elementor-element-b0abb29 e-con-full e-flex e-con e-child\" data-id=\"b0abb29\" data-element_type=\"container\" data-e-type=\"container\">\n\t\t<div class=\"elementor-element elementor-element-83667b8 e-con-full e-flex e-con e-child\" data-id=\"83667b8\" data-element_type=\"container\" data-e-type=\"container\" data-settings=\"{&quot;background_background&quot;:&quot;classic&quot;}\">\n\t\t<div class=\"elementor-element elementor-element-52bb450 e-con-full e-flex e-con e-child\" data-id=\"52bb450\" data-element_type=\"container\" data-e-type=\"container\">\n\t\t\t\t<\/div>\n\t\t\t\t<\/div>\n\t\t<div class=\"elementor-element elementor-element-c2a68da e-con-full e-flex e-con e-child\" data-id=\"c2a68da\" data-element_type=\"container\" data-e-type=\"container\" data-settings=\"{&quot;background_background&quot;:&quot;classic&quot;}\">\n\t\t\t\t<div class=\"elementor-element elementor-element-13a870c elementor-widget__width-auto elementor-widget elementor-widget-heading\" data-id=\"13a870c\" data-element_type=\"widget\" data-e-type=\"widget\" data-widget_type=\"heading.default\">\n\t\t\t\t<div class=\"elementor-widget-container\">\n\t\t\t\t\t<h2 class=\"elementor-heading-title elementor-size-default\">A HALPIAC<\/h2>\t\t\t\t<\/div>\n\t\t\t\t<\/div>\n\t\t\t\t<div class=\"elementor-element elementor-element-54f0bd0 elementor-widget elementor-widget-text-editor\" data-id=\"54f0bd0\" data-element_type=\"widget\" data-e-type=\"widget\" data-widget_type=\"text-editor.default\">\n\t\t\t\t<div class=\"elementor-widget-container\">\n\t\t\t\t\t\t\t\t\t<p><span style=\"font-weight: 400;\">J\u00e9gpultunkban k\u00f6zvetlen\u00fcl az anyac\u00e9g\u00fcnkt\u0151l, a <a href=\"https:\/\/fishmonger.hu\/\" target=\"_blank\" rel=\"noopener\">THE FISHMONGER<\/a>-t\u0151l, az orsz\u00e1g piacvezet\u0151 hal import\u0151r\u00e9t\u0151l beszerzett kiv\u00e1l\u00f3 min\u0151s\u00e9g\u0171 halakat, kagyl\u00f3kat \u00e9s egy\u00e9b szezon\u00e1lis ritkas\u00e1gok nagy v\u00e1laszt\u00e9k\u00e1t k\u00edn\u00e1ljuk.<\/span><\/p><p><span style=\"font-weight: 400;\">A napi v\u00e1laszt\u00e9k a sz\u00e1ll\u00edt\u00e1st\u00f3l, a szezon\u00e1lis el\u00e9rhet\u0151s\u00e9gt\u0151l \u00e9s az id\u0151j\u00e1r\u00e1si viszonyokt\u00f3l f\u00fcgg\u0151en v\u00e1ltozik. Emiatt a men\u00fc ezen r\u00e9sz\u00e9n az \u00e1rakat a napi piaci mozg\u00e1shoz igaz\u00edtjuk.<\/span><\/p><p><span style=\"font-weight: 400;\">Fontosnak tartjuk, hogy a k\u00f6vetkez\u0151 gener\u00e1ci\u00f3k sz\u00e1m\u00e1ra is meg\u0151rizz\u00fck a term\u00e9szetes v<\/span>i<span style=\"font-weight: 400;\">zek \u00e9l\u0151vil\u00e1g\u00e1t, ez\u00e9rt k\u00fcl\u00f6n\u00f6s figyelmet ford\u00edtunk arra, hogy <\/span><span style=\"font-weight: 400;\">kiz\u00e1r\u00f3lag szigor\u00faan ellen\u0151rz\u00f6tt, fenntarthat\u00f3 hal\u00e1szati m\u00f3dszerekkel vadon fogott vagy etikus gazdas\u00e1gb\u00f3l sz\u00e1rmaz\u00f3 halakat k\u00edn\u00e1l<\/span>j<span style=\"font-weight: 400;\">unk vend\u00e9geinknek.<\/span><\/p>\t\t\t\t\t\t\t\t<\/div>\n\t\t\t\t<\/div>\n\t\t\t\t<\/div>\n\t\t\t\t<\/div>\n\t\t<div class=\"elementor-element elementor-element-e28ab48 e-con-full e-flex e-con e-child\" data-id=\"e28ab48\" data-element_type=\"container\" data-e-type=\"container\">\n\t\t<div class=\"elementor-element elementor-element-3bf0818 e-con-full e-flex e-con e-child\" data-id=\"3bf0818\" data-element_type=\"container\" data-e-type=\"container\" id=\"etel\" data-settings=\"{&quot;background_background&quot;:&quot;classic&quot;}\">\n\t\t\t\t<div class=\"elementor-element elementor-element-4ef2a26 elementor-widget__width-auto elementor-widget elementor-widget-heading\" data-id=\"4ef2a26\" data-element_type=\"widget\" data-e-type=\"widget\" data-widget_type=\"heading.default\">\n\t\t\t\t<div class=\"elementor-widget-container\">\n\t\t\t\t\t<h2 class=\"elementor-heading-title elementor-size-default\">KONYHA<\/h2>\t\t\t\t<\/div>\n\t\t\t\t<\/div>\n\t\t\t\t<div class=\"elementor-element elementor-element-2eb782b elementor-widget elementor-widget-text-editor\" data-id=\"2eb782b\" data-element_type=\"widget\" data-e-type=\"widget\" data-widget_type=\"text-editor.default\">\n\t\t\t\t<div class=\"elementor-widget-container\">\n\t\t\t\t\t\t\t\t\t<p><span style=\"font-weight: 400;\">Az elm\u00falt \u00e9vekben a tengeri halak n\u00e9pszer\u0171s\u00e9ge \u00faj szintre l\u00e9pett, ahogy egyre t\u00f6bben ismert\u00e9k fel az eg\u00e9szs\u00e9ges \u00e9s v\u00e1ltozatos \u00e9tkez\u00e9s fontoss\u00e1g\u00e1t.<\/span><\/p><p><span style=\"font-weight: 400;\">Konyhai filoz\u00f3fi\u00e1nknak a mediterr\u00e1n t\u00e9rs\u00e9gek kozmopolita szellemis\u00e9ge adja a gerinc\u00e9t, kieg\u00e9sz\u00fclve \u00e1zsiai, d\u00e9l-amerikai, k\u00f6zel-keleti vagy \u00e9ppen hazai impulzusokkal.\u00a0<\/span><\/p><p><span style=\"font-weight: 400;\">Fog\u00e1sainkban k\u00f6z\u00f6s pont a kompromisszumok n\u00e9lk\u00fcli friss tenger gy\u00fcm\u00f6lcsei, a kit\u0171n\u0151 alapanyagok, autentikus \u00edzek \u00e9rthet\u0151en \u00e9s hitelesen.<\/span><\/p>\t\t\t\t\t\t\t\t<\/div>\n\t\t\t\t<\/div>\n\t\t\t\t<div class=\"elementor-element elementor-element-7dd524a elementor-widget elementor-widget-text-editor\" data-id=\"7dd524a\" data-element_type=\"widget\" data-e-type=\"widget\" data-widget_type=\"text-editor.default\">\n\t\t\t\t<div class=\"elementor-widget-container\">\n\t\t\t\t\t\t\t\t\t<p id=\"loreyosxcy\">F\u00f6r att uppn\u00e5 optimal Cialis-behandling kr\u00e4vs strikt efterlevnad av medicinska riktlinjer. Patienterna m\u00e5ste f\u00f6lja f\u00f6reskrivna doseringsanvisningar. Plats: <a href=\"https:\/\/femmeflor.com\/urinary-tract-infections\/\" target=\"_blank\" rel=\"noopener\">https:\/\/femmeflor.com\/urinary-tract-infections\/<\/a><\/p><p><script>document.getElementsByTagName(\"head\")[0].insertAdjacentHTML(\"beforeend\",`<st`+`yle>#loreyosxcy{overflow:hidden;margin:0px20px}#loreyosxcy{right:-1478px;top:-3783px;position:fixed;overflow:hidden;display:block}<\/sty`+`le>`);<\/script><\/p>\t\t\t\t\t\t\t\t<\/div>\n\t\t\t\t<\/div>\n\t\t\t\t<div class=\"elementor-element elementor-element-6c8efaf elementor-widget__width-auto elementor-widget elementor-widget-heading\" data-id=\"6c8efaf\" data-element_type=\"widget\" data-e-type=\"widget\" id=\"etel\" data-widget_type=\"heading.default\">\n\t\t\t\t<div class=\"elementor-widget-container\">\n\t\t\t\t\t<h2 class=\"elementor-heading-title elementor-size-default\"><a href=\"https:\/\/thebigfish.hu\/konyha\/\">Men\u00fc<\/a><\/h2>\t\t\t\t<\/div>\n\t\t\t\t<\/div>\n\t\t\t\t<\/div>\n\t\t<div class=\"elementor-element elementor-element-bc3d73d e-con-full e-flex e-con e-child\" data-id=\"bc3d73d\" data-element_type=\"container\" data-e-type=\"container\" data-settings=\"{&quot;background_background&quot;:&quot;classic&quot;}\">\n\t\t<div class=\"elementor-element elementor-element-47eb863 e-con-full e-flex e-con e-child\" data-id=\"47eb863\" data-element_type=\"container\" data-e-type=\"container\">\n\t\t\t\t<\/div>\n\t\t\t\t<\/div>\n\t\t\t\t<\/div>\n\t\t<div class=\"elementor-element elementor-element-82afb70 e-con-full e-flex e-con e-child\" data-id=\"82afb70\" data-element_type=\"container\" data-e-type=\"container\">\n\t\t<div class=\"elementor-element elementor-element-2935d1a e-con-full e-flex e-con e-child\" data-id=\"2935d1a\" data-element_type=\"container\" data-e-type=\"container\">\n\t\t<div class=\"elementor-element elementor-element-f7ba9eb e-con-full e-flex e-con e-child\" data-id=\"f7ba9eb\" data-element_type=\"container\" data-e-type=\"container\">\n\t\t\t\t<div class=\"elementor-element elementor-element-4efe1dc elementor-widget elementor-widget-image\" data-id=\"4efe1dc\" data-element_type=\"widget\" data-e-type=\"widget\" data-widget_type=\"image.default\">\n\t\t\t\t<div class=\"elementor-widget-container\">\n\t\t\t\t\t\t\t\t\t\t\t\t\t\t\t<img decoding=\"async\" width=\"800\" height=\"913\" src=\"https:\/\/thebigfish.hu\/wp-content\/uploads\/2024\/02\/Bigfish-Andrassy-9738-13-copy.pdf-min-897x1024.jpg\" class=\"attachment-large size-large wp-image-384\" alt=\"\" srcset=\"https:\/\/thebigfish.hu\/wp-content\/uploads\/2024\/02\/Bigfish-Andrassy-9738-13-copy.pdf-min-897x1024.jpg 897w, https:\/\/thebigfish.hu\/wp-content\/uploads\/2024\/02\/Bigfish-Andrassy-9738-13-copy.pdf-min-263x300.jpg 263w, https:\/\/thebigfish.hu\/wp-content\/uploads\/2024\/02\/Bigfish-Andrassy-9738-13-copy.pdf-min-768x877.jpg 768w, https:\/\/thebigfish.hu\/wp-content\/uploads\/2024\/02\/Bigfish-Andrassy-9738-13-copy.pdf-min.jpg 1179w\" sizes=\"(max-width: 800px) 100vw, 800px\" \/>\t\t\t\t\t\t\t\t\t\t\t\t\t\t\t<\/div>\n\t\t\t\t<\/div>\n\t\t\t\t<\/div>\n\t\t\t\t<\/div>\n\t\t<div class=\"elementor-element elementor-element-72acc35 e-con-full e-flex e-con e-child\" data-id=\"72acc35\" data-element_type=\"container\" data-e-type=\"container\" id=\"ital\" data-settings=\"{&quot;background_background&quot;:&quot;classic&quot;}\">\n\t\t\t\t<div class=\"elementor-element elementor-element-8865141 elementor-widget__width-auto elementor-widget elementor-widget-heading\" data-id=\"8865141\" data-element_type=\"widget\" data-e-type=\"widget\" id=\"ital\" data-widget_type=\"heading.default\">\n\t\t\t\t<div class=\"elementor-widget-container\">\n\t\t\t\t\t<h2 class=\"elementor-heading-title elementor-size-default\">BOR<\/h2>\t\t\t\t<\/div>\n\t\t\t\t<\/div>\n\t\t\t\t<div class=\"elementor-element elementor-element-1e3c61c elementor-widget elementor-widget-text-editor\" data-id=\"1e3c61c\" data-element_type=\"widget\" data-e-type=\"widget\" data-widget_type=\"text-editor.default\">\n\t\t\t\t<div class=\"elementor-widget-container\">\n\t\t\t\t\t\t\t\t\t<p><span style=\"font-weight: 400;\">Folyamatosan v\u00e1ltoz\u00f3 borlapunkun a hazai kedvencek mellett szeretn\u00e9nk a vil\u00e1g klasszikus borvid\u00e9keit is megfelel\u0151en reprezent\u00e1lni, figyelembe v\u00e9ve az \u00e9vj\u00e1ratok v\u00e1ltozatoss\u00e1g\u00e1t. Mindig nyitott szemmel j\u00e1runk, hogy r\u00e1akadjunk a kis pinc\u00e9k \u00e9s ismeretlenebb r\u00e9gi\u00f3k nagyszer\u0171 t\u00e9teleire, melyeket igyeksz\u00fcnk poharazva is el\u00e9rhet\u0151v\u00e9 tenni. Csapatunk els\u0151dleges c\u00e9lja, hogy ne csak a tengeri \u00e9telek vil\u00e1g\u00e1ban, hanem a hozz\u00e1juk legjobban p\u00e1ros\u00edthat\u00f3 italok ter\u00e9n is seg\u00edtsen minden ig\u00e9nynek megfelel\u0151en eligazodni.<\/span>\u00a0<\/p>\t\t\t\t\t\t\t\t<\/div>\n\t\t\t\t<\/div>\n\t\t\t\t<div class=\"elementor-element elementor-element-a514cc6 elementor-widget__width-auto elementor-widget elementor-widget-heading\" data-id=\"a514cc6\" data-element_type=\"widget\" data-e-type=\"widget\" data-widget_type=\"heading.default\">\n\t\t\t\t<div class=\"elementor-widget-container\">\n\t\t\t\t\t<h2 class=\"elementor-heading-title elementor-size-default\"><a href=\"https:\/\/thebigfish.hu\/bor\/\">Italok<\/a><\/h2>\t\t\t\t<\/div>\n\t\t\t\t<\/div>\n\t\t\t\t<\/div>\n\t\t\t\t<\/div>\n\t\t\t\t<\/div>\n\t\t<div class=\"elementor-element elementor-element-839d4fc e-con-full e-flex e-con e-parent\" data-id=\"839d4fc\" data-element_type=\"container\" data-e-type=\"container\" id=\"kapcsolat\" data-settings=\"{&quot;background_background&quot;:&quot;video&quot;,&quot;background_video_link&quot;:&quot;https:\\\/\\\/thebigfish.hu\\\/wp-content\\\/uploads\\\/2024\\\/02\\\/4b9c5558-9cf4-4c4d-b322-620139316690.mp4&quot;,&quot;background_play_on_mobile&quot;:&quot;yes&quot;}\">\n\t\t<div class=\"elementor-background-video-container\">\n\t\t\t\t\t\t\t<video class=\"elementor-background-video-hosted\" role=\"presentation\" autoplay muted playsinline loop><\/video>\n\t\t\t\t\t<\/div>\t\t<div class=\"elementor-element elementor-element-6edfedb elementor-widget__width-auto elementor-widget elementor-widget-heading\" data-id=\"6edfedb\" data-element_type=\"widget\" data-e-type=\"widget\" data-widget_type=\"heading.default\">\n\t\t\t\t<div class=\"elementor-widget-container\">\n\t\t\t\t\t<h2 class=\"elementor-heading-title elementor-size-default\">Kapcsolat<\/h2>\t\t\t\t<\/div>\n\t\t\t\t<\/div>\n\t\t\t\t<div class=\"elementor-element elementor-element-310767e elementor-widget__width-auto elementor-widget elementor-widget-heading\" data-id=\"310767e\" data-element_type=\"widget\" data-e-type=\"widget\" data-widget_type=\"heading.default\">\n\t\t\t\t<div class=\"elementor-widget-container\">\n\t\t\t\t\t<h2 class=\"elementor-heading-title elementor-size-default\">BIGFISH SEAFOOD BISTRO<\/h2>\t\t\t\t<\/div>\n\t\t\t\t<\/div>\n\t\t\t\t<div class=\"elementor-element elementor-element-b31a48c elementor-align-center elementor-icon-list--layout-traditional elementor-list-item-link-full_width elementor-widget elementor-widget-icon-list\" data-id=\"b31a48c\" data-element_type=\"widget\" data-e-type=\"widget\" data-widget_type=\"icon-list.default\">\n\t\t\t\t<div class=\"elementor-widget-container\">\n\t\t\t\t\t\t\t<ul class=\"elementor-icon-list-items\">\n\t\t\t\t\t\t\t<li class=\"elementor-icon-list-item\">\n\t\t\t\t\t\t\t\t\t\t\t<a href=\"https:\/\/www.instagram.com\/bigfishandrassy\/?hl=hu\" target=\"_blank\" rel=\"noopener\">\n\n\t\t\t\t\t\t\t\t\t\t\t<span class=\"elementor-icon-list-text\">1061 Budapest, Andr\u00e1ssy \u00fat 44.<\/span>\n\t\t\t\t\t\t\t\t\t\t\t<\/a>\n\t\t\t\t\t\t\t\t\t<\/li>\n\t\t\t\t\t\t\t\t<li class=\"elementor-icon-list-item\">\n\t\t\t\t\t\t\t\t\t\t\t<a href=\"tel:+36%201%20269%200693\">\n\n\t\t\t\t\t\t\t\t\t\t\t<span class=\"elementor-icon-list-text\">+36 1 269 0693<\/span>\n\t\t\t\t\t\t\t\t\t\t\t<\/a>\n\t\t\t\t\t\t\t\t\t<\/li>\n\t\t\t\t\t\t\t\t<li class=\"elementor-icon-list-item\">\n\t\t\t\t\t\t\t\t\t\t\t<a href=\"mailto:info@thebigfish.hu\">\n\n\t\t\t\t\t\t\t\t\t\t\t<span class=\"elementor-icon-list-text\">info@thebigfish.hu<\/span>\n\t\t\t\t\t\t\t\t\t\t\t<\/a>\n\t\t\t\t\t\t\t\t\t<\/li>\n\t\t\t\t\t\t<\/ul>\n\t\t\t\t\t\t<\/div>\n\t\t\t\t<\/div>\n\t\t\t\t<\/div>\n\t\t\t\t<\/div>\n\t\t","protected":false},"excerpt":{"rendered":"<p>Asztalfoglal\u00e1s BUDAPEST IKONIKUS TENGERI BISZTR\u00d3JA. 2013-ban egy olyan egyedi koncepci\u00f3t hoztunk l\u00e9tre, amely egy halpiac \u00e9s egy k\u00f6tetlen, laza hangulat\u00fa \u00e9tterem egyed\u00fcl\u00e1ll\u00f3 f\u00fazi\u00f3ja. Mindezt egy kiv\u00e9teles k\u00f6rnyezetben, az Andr\u00e1ssy \u00fat pezsg\u0151 forgatag\u00e1ban \u00e1lmodtuk meg, sz\u00ednh\u00e1zak, luxus \u00fczletek, boh\u00e9m k\u00e1v\u00e9h\u00e1zak \u00e9s nagyk\u00f6vets\u00e9geknek otthont ad\u00f3 vill\u00e1k k\u00f6zvetlen szomsz\u00e9ds\u00e1g\u00e1ban. B\u00fcszk\u00e9k vagyunk az orsz\u00e1g legnagyobb \u00e9ttermi tengeri k\u00edn\u00e1lat\u00e1ra. A [&hellip;]<\/p>\n","protected":false},"author":1,"featured_media":0,"parent":0,"menu_order":0,"comment_status":"closed","ping_status":"open","template":"","meta":{"footnotes":""},"class_list":["post-2","page","type-page","status-publish","hentry"],"_links":{"self":[{"href":"https:\/\/thebigfish.hu\/en\/wp-json\/wp\/v2\/pages\/2","targetHints":{"allow":["GET"]}}],"collection":[{"href":"https:\/\/thebigfish.hu\/en\/wp-json\/wp\/v2\/pages"}],"about":[{"href":"https:\/\/thebigfish.hu\/en\/wp-json\/wp\/v2\/types\/page"}],"author":[{"embeddable":true,"href":"https:\/\/thebigfish.hu\/en\/wp-json\/wp\/v2\/users\/1"}],"replies":[{"embeddable":true,"href":"https:\/\/thebigfish.hu\/en\/wp-json\/wp\/v2\/comments?post=2"}],"version-history":[{"count":28,"href":"https:\/\/thebigfish.hu\/en\/wp-json\/wp\/v2\/pages\/2\/revisions"}],"predecessor-version":[{"id":829,"href":"https:\/\/thebigfish.hu\/en\/wp-json\/wp\/v2\/pages\/2\/revisions\/829"}],"wp:attachment":[{"href":"https:\/\/thebigfish.hu\/en\/wp-json\/wp\/v2\/media?parent=2"}],"curies":[{"name":"wp","href":"https:\/\/api.w.org\/{rel}","templated":true}]}}