{"id":398,"date":"2024-02-23T13:37:33","date_gmt":"2024-02-23T13:37:33","guid":{"rendered":"https:\/\/thebigfish.hu\/?page_id=398"},"modified":"2025-01-25T18:37:00","modified_gmt":"2025-01-25T18:37:00","slug":"karrier","status":"publish","type":"page","link":"https:\/\/thebigfish.hu\/en\/karrier\/","title":{"rendered":"Career"},"content":{"rendered":"\t\t<div data-elementor-type=\"wp-page\" data-elementor-id=\"398\" class=\"elementor elementor-398\" data-elementor-post-type=\"page\">\n\t\t\t\t<div class=\"elementor-element elementor-element-74dd6e5 e-flex e-con-boxed e-con e-parent\" data-id=\"74dd6e5\" data-element_type=\"container\" data-e-type=\"container\">\n\t\t\t\t\t<div class=\"e-con-inner\">\n\t\t<div class=\"elementor-element elementor-element-231d42c e-con-full e-flex e-con e-child\" data-id=\"231d42c\" data-element_type=\"container\" data-e-type=\"container\">\n\t\t\t\t<div class=\"elementor-element elementor-element-97f90c5 elementor-widget elementor-widget-tp-header-extras\" data-id=\"97f90c5\" data-element_type=\"widget\" data-e-type=\"widget\" data-widget_type=\"tp-header-extras.default\">\n\t\t\t\t<div class=\"elementor-widget-container\">\n\t\t\t\t\t<div class=\"header-extra-icons\"><div class=\"header-icons-inner\"><ul class=\"icons-content-list\"><\/ul><\/div><\/div>\t\t\t\t<\/div>\n\t\t\t\t<\/div>\n\t\t\t\t<div class=\"elementor-element elementor-element-0535fd6 elementor-widget elementor-widget-ucaddon_fullscreen_navigation_menu\" data-id=\"0535fd6\" data-element_type=\"widget\" data-e-type=\"widget\" data-widget_type=\"ucaddon_fullscreen_navigation_menu.default\">\n\t\t\t\t<div class=\"elementor-widget-container\">\n\t\t\t\t\t\n<!-- start Fullscreen Menu -->\n\t\t<link id='font-awesome-css' href='https:\/\/thebigfish.hu\/wp-content\/plugins\/unlimited-elements-for-elementor\/assets_libraries\/font-awesome6\/fontawesome-all.min.css' type='text\/css' rel='stylesheet' >\n\t\t<link id='font-awesome-4-shim-css' href='https:\/\/thebigfish.hu\/wp-content\/plugins\/unlimited-elements-for-elementor\/assets_libraries\/font-awesome6\/fontawesome-v4-shims.min.css' type='text\/css' rel='stylesheet' >\n\n<style>\/* widget: Fullscreen Menu *\/\n\n.elementor-sticky{\n\toverflow: visible !important;\n}\n\n\n  body.menu-opened,\n  html.menu-opened{\n  \toverflow: hidden;\n  }\t \n\t\n\n\n#uc_fullscreen_navigation_menu_elementor_0535fd6 * {\n  box-sizing: border-box;\n}\n#uc_fullscreen_navigation_menu_elementor_0535fd6 a,\n#uc_fullscreen_navigation_menu_elementor_0535fd6 a:visited,\n#uc_fullscreen_navigation_menu_elementor_0535fd6 a:hover,\n#uc_fullscreen_navigation_menu_elementor_0535fd6 a:active {\n  text-decoration: none;\n}\n\n\n#uc_fullscreen_navigation_menu_elementor_0535fd6 .ue-input-wrapper\n{\n  position:relative;\n  \n}\n\n#uc_fullscreen_navigation_menu_elementor_0535fd6 .ue-input-wrapper-align{\n  display:flex;\n}\n#uc_fullscreen_navigation_menu_elementor_0535fd6 .ue_hamburger *{\n  transition: all 200ms;\n}\n#uc_fullscreen_navigation_menu_elementor_0535fd6 .ue_hamburger_custom_open svg\n{\n  height:1em;\n  width:1em;\n}\n\n#uc_fullscreen_navigation_menu_elementor_0535fd6 .ue_hamburger_custom_close svg\n{\n  height:1em;\n  width:1em;\n}\n\n\n#uc_fullscreen_navigation_menu_elementor_0535fd6\n{\n  position:relative;\n  z-index:99998;\n}\n\n#uc_fullscreen_navigation_menu_elementor_0535fd6 .checkbox-toggle {\n  position: absolute;\n  z-index: 100000000;\n  cursor: pointer;\n  width: 30px;\n  height: 30px;\n  opacity: 0;\n  top:0px;\n}\n\n#uc_fullscreen_navigation_menu_elementor_0535fd6 .checkbox-toggle:checked + .ue_hamburger > div:after {\n  opacity: 0;\n}\n#uc_fullscreen_navigation_menu_elementor_0535fd6.menu-opened .ue_menu {\n  pointer-events: auto;\n}\n#uc_fullscreen_navigation_menu_elementor_0535fd6.menu-opened .ue_menu > div.ue_inner_menu {\n      visibility: visible;\n  -webkit-transition-duration: 0.75s;\n          transition-duration: 0.75s;\n}\n#uc_fullscreen_navigation_menu_elementor_0535fd6.menu-opened .ue_menu > div.ue_inner_menu > div > div {\n  opacity: 1;\n  transition: opacity 0.4s ease 0.4s;\n}\n\n\/* start open transition animations *\/\n\t\n\n\t\n\n\t\n\n\t\n\n\t\n\n\t\n\n\t\n\n#uc_fullscreen_navigation_menu_elementor_0535fd6 .ue_menu .ue_inner_menu {\ntransform: translate(100%, 0);\n  opacity: 0;\n}\n#uc_fullscreen_navigation_menu_elementor_0535fd6.menu-opened .ue_menu > div.ue_inner_menu {\n  opacity: 1;\n  transition: opacity .7s ease, transform .7s ease;\n  -webkit-transform: translate(0, 0);\n          transform: translate(0, 0);\n}\n\t\n\n\t\n\/* end open transition animations *\/\n\n#uc_fullscreen_navigation_menu_elementor_0535fd6 .ue_hamburger {\n  top: 0;\n  cursor: pointer;\n  transition: 0.4s;\n  backface-visibility: hidden;\n  display: flex;\n  align-items: center;\n  justify-content: center;\n  position:absolute;\n  z-index:99999999;\n}\n\n\n\n\n#uc_fullscreen_navigation_menu_elementor_0535fd6 .ue_menu {\n  position: fixed;\n  top: 0;\n  left: 0;\n  width: 100%;\n  pointer-events: none;\n  visibility: hidden;       \n  backface-visibility: hidden;\n  outline: none;\n  display: flex;\n  align-items: center;\n  justify-content: center;\n}\n\n\/* start protection from doubled fixed section in elementor *\/\n.elementor-sticky:not(.elementor-sticky+.elementor-sticky) #uc_fullscreen_navigation_menu_elementor_0535fd6 .ue_menu{\n  opacity: 0;\n   pointer-events: none;\n}\n.elementor-sticky--active #uc_fullscreen_navigation_menu_elementor_0535fd6.menu-opened .ue_menu{\n\topacity: 1;\n   pointer-events: all;\n}\n\/* end protection from doubled fixed section in elementor *\/\n\n#uc_fullscreen_navigation_menu_elementor_0535fd6 .ue_menu .ue_inner_menu {\n  color: #fff;\n  transition: all 0.4s ease;\n  height: 100vh;\n  overflow-y: auto;\n  overflow-x: hidden;\n  display: flex;\n}\n#uc_fullscreen_navigation_menu_elementor_0535fd6 .ue_inner_menu-box{\n    margin-top: auto;\n  \t\n  margin-bottom: auto;\n  width: 100vw;\n  flex: none;\n  backface-visibility: hidden;\n  display: flex;\n  flex-direction: column;\n  align-items: center;\n}\n#uc_fullscreen_navigation_menu_elementor_0535fd6 .ue_menu > div > div > div {\n  max-width: 90vw;\n  width: 100%;\n  opacity: 0;\n  -webkit-transition: opacity 0.4s ease;\n  transition: opacity 0.4s ease;\n  overflow-y: auto;\n  flex: none;\n  display: flex;\n  align-items: center;\n}\n#uc_fullscreen_navigation_menu_elementor_0535fd6 ul:not(#uc_fullscreen_navigation_menu_elementor_0535fd6 section ul) {\n  list-style: none;\n  margin: 0;\n  display: block;\n  padding:0px;\n}\n#uc_fullscreen_navigation_menu_elementor_0535fd6 .ue_menu  div  div  ul li {\n  padding: 0;\n  display: block;\n}\n#uc_fullscreen_navigation_menu_elementor_0535fd6 .ue_menu  div  div  ul  li a {\n  position: relative;\n  display: inline-flex;\n  align-items: center;\n  cursor: pointer;\n  transition: color 0.4s ease;\n}\n\n#uc_fullscreen_navigation_menu_elementor_0535fd6 .ue_menu  div  div  ul  li  a:hover {\n}\n\n\n\n\n\t\n#uc_fullscreen_navigation_menu_elementor_0535fd6 .ue_menu  div  div  ul  li a:hover:after {\n  width: 100%;\n}\n#uc_fullscreen_navigation_menu_elementor_0535fd6 .ue_menu  div  div  ul  li  a:after {\n  content: '';\n  position: absolute;\n  z-index: 1;\n  bottom: 0;\n  left: 0;\n  width: 0;\n  height: 2px;\n  transition: width 0.4s ease;\n}\n\n\t\n\n\n\n.ue_menu_wrapper\n{\n  position:relative;\n}\n\n\n\t.ue_hamburger_custom_close\n    {\n      display:none;\n    }\n\n\t#uc_fullscreen_navigation_menu_elementor_0535fd6 .checkbox-toggle:checked + .ue_hamburger div.ue_hamburger_custom_close {\n          display:block;\n     }\n     \n     #uc_fullscreen_navigation_menu_elementor_0535fd6 .checkbox-toggle:checked + .ue_hamburger div.ue_hamburger_custom_open\n     {\n       display:none;\n     }\n\n\t #uc_fullscreen_navigation_menu_elementor_0535fd6 input:hover + .ue_hamburger > div\n      {\n        color:#ffffff;\n      }\n\n#uc_fullscreen_navigation_menu_elementor_0535fd6 .ue_hamburger > div {\n\n  color:#ffffff;\n}\n\n\n\n#uc_fullscreen_navigation_menu_elementor_0535fd6 .ue_menu-social-icons a\n{\n  display:inline-block;\n  line-height:1em;\n}\n\n#uc_fullscreen_navigation_menu_elementor_0535fd6 .ue_menu-social-icons a svg\n{\n  height:1em;\n  width:1em;\n}\n\n#uc_fullscreen_navigation_menu_elementor_0535fd6 .sub-menu\n{\ntransition: 0.5s;\noverflow: hidden;\nheight: auto;\n}\n\n#uc_fullscreen_navigation_menu_elementor_0535fd6 .collapsed i::before,\n#uc_fullscreen_navigation_menu_elementor_0535fd6 .expanded i::before{\n    font-weight: 900;\n  \tfont-size: 14px;\n    line-height:1em;\n  \tdisplay: inline-block;\n    vertical-align: middle;\n}\n#uc_fullscreen_navigation_menu_elementor_0535fd6 .uc-menu-item-pointer{\n  \tposition: absolute;\n           right: -15px;\n  \t   transform: translate(14px,0);\n    }\n\n#uc_fullscreen_navigation_menu_elementor_0535fd6 .uc-menu-item-pointer svg{\n\twidth: 14px;\n  \theight: 14px;\n}\n\n\n<\/style>\n\n<div class=\"outer-menu\" id=\"uc_fullscreen_navigation_menu_elementor_0535fd6\">\n  \n  <div class=\"ue_menu_wrapper\">\n    <div class=\"ue-input-wrapper-align\">\n    <div class=\"ue-input-wrapper\">\n    <input id=\"uc_fullscreen_navigation_menu_elementor_0535fd6_input\" name=\"fullscreen_menu_input\" class=\"checkbox-toggle\" type=\"checkbox\" \/>\n   \n    \n    <div class=\"ue_hamburger\">\n      <div>\n\n                        <div class=\"ue_hamburger_custom_open\"><i class='fas fa-bars'><\/i><\/div>\n              <div class=\"ue_hamburger_custom_close\"><i class='fas fa-times'><\/i><\/div>\n          \t\n\n      <\/div>\n    <\/div>\n    <\/div>\n    <\/div>\n  \n    <div class=\"ue_menu\">\n\n      <div class=\"ue_inner_menu\" data-closeothers=\"no\" data-clickable='false' data-icon-position=\"end\" data-icon-source=\"\" data-expand>\n\n                \t<div class=\"ue_inner_menu_expand_icon\" style=\"display: none\"><i class='fas fa-angle-down'><\/i><\/div>\n        \t<div class=\"ue_inner_menu_collapse_icon\" style=\"display: none\"><i class='fas fa-angle-up'><\/i><\/div>\n        \t\n        \n        <div class=\"ue_inner_menu-box\">\n\n          <div>\t\t<div data-elementor-type=\"section\" data-elementor-id=\"457\" class=\"elementor elementor-457\" data-elementor-post-type=\"elementor_library\">\n\t\t\t<div class=\"elementor-element elementor-element-0abbf97 e-flex e-con-boxed e-con e-parent\" data-id=\"0abbf97\" data-element_type=\"container\" data-e-type=\"container\">\n\t\t\t\t\t<div class=\"e-con-inner\">\n\t\t\t\t<div class=\"elementor-element elementor-element-bd5cb9f elementor-widget elementor-widget-theme-site-logo elementor-widget-image\" data-id=\"bd5cb9f\" data-element_type=\"widget\" data-e-type=\"widget\" data-widget_type=\"theme-site-logo.default\">\n\t\t\t\t<div class=\"elementor-widget-container\">\n\t\t\t\t\t\t\t\t\t\t\t<a href=\"https:\/\/thebigfish.hu\/en\">\n\t\t\t<img fetchpriority=\"high\" decoding=\"async\" width=\"361\" height=\"341\" src=\"https:\/\/thebigfish.hu\/wp-content\/uploads\/2023\/09\/bigfish_plain_white-min-e1701953274250.png\" class=\"attachment-full size-full wp-image-33\" alt=\"\" srcset=\"https:\/\/thebigfish.hu\/wp-content\/uploads\/2023\/09\/bigfish_plain_white-min-e1701953274250.png 361w, https:\/\/thebigfish.hu\/wp-content\/uploads\/2023\/09\/bigfish_plain_white-min-e1701953274250-300x283.png 300w\" sizes=\"(max-width: 361px) 100vw, 361px\" \/>\t\t\t\t<\/a>\n\t\t\t\t\t\t\t\t\t\t\t<\/div>\n\t\t\t\t<\/div>\n\t\t\t\t\t<\/div>\n\t\t\t\t<\/div>\n\t\t\t\t<\/div>\n\t\t<\/div>\n\n          \t\n\n          <div>\n            <ul id=\"menu-fomenu\" class=\"uc-list-menu\"><li id=\"menu-item-430\" class=\"menu-item menu-item-type-custom menu-item-object-custom menu-item-430\"><a href=\"https:\/\/www.sevenrooms.com\/explore\/bigfishseafoodbistro\/reservations\/create\/search\/\" target=\"_blank\" rel=\"noopener\">Foglal\u00e1s<\/a><\/li>\n<li id=\"menu-item-395\" class=\"menu-item menu-item-type-custom menu-item-object-custom menu-item-395\"><a href=\"https:\/\/thebigfish.hu\/#rolunk\">R\u00f3lunk<\/a><\/li>\n<li id=\"menu-item-396\" class=\"menu-item menu-item-type-custom menu-item-object-custom menu-item-396\"><a href=\"https:\/\/thebigfish.hu\/#etel\">Konyha<\/a><\/li>\n<li id=\"menu-item-397\" class=\"menu-item menu-item-type-custom menu-item-object-custom menu-item-397\"><a href=\"https:\/\/thebigfish.hu\/#ital\">Bor<\/a><\/li>\n<li id=\"menu-item-400\" class=\"menu-item menu-item-type-post_type menu-item-object-page menu-item-400\"><a href=\"https:\/\/thebigfish.hu\/en\/karrier\/\">Karrier<\/a><\/li>\n<li id=\"menu-item-401\" class=\"menu-item menu-item-type-custom menu-item-object-custom menu-item-401\"><a href=\"https:\/\/thebigfish.hu\/#kapcsolat\">Kapcsolat<\/a><\/li>\n<\/ul>\n          <\/div>\n\n\n          \t\n\n          <div><\/div>\n\n        <\/div>\n\n      <\/div>\n    <\/div>\n  \n  <\/div>\n<\/div>\n<!-- end Fullscreen Menu -->\t\t\t\t<\/div>\n\t\t\t\t<\/div>\n\t\t\t\t<\/div>\n\t\t\t\t\t<\/div>\n\t\t\t\t<\/div>\n\t\t<div class=\"elementor-element elementor-element-6f19f09 e-flex e-con-boxed e-con e-parent\" data-id=\"6f19f09\" data-element_type=\"container\" data-e-type=\"container\" data-settings=\"{&quot;background_background&quot;:&quot;classic&quot;}\">\n\t\t\t\t\t<div class=\"e-con-inner\">\n\t\t\t\t<div class=\"elementor-element elementor-element-e3b91e2 elementor-widget__width-auto elementor-widget elementor-widget-heading\" data-id=\"e3b91e2\" data-element_type=\"widget\" data-e-type=\"widget\" data-widget_type=\"heading.default\">\n\t\t\t\t<div class=\"elementor-widget-container\">\n\t\t\t\t\t<h2 class=\"elementor-heading-title elementor-size-default\">Karrier<\/h2>\t\t\t\t<\/div>\n\t\t\t\t<\/div>\n\t\t\t\t\t<\/div>\n\t\t\t\t<\/div>\n\t\t<div class=\"elementor-element elementor-element-b284f2e e-flex e-con-boxed e-con e-parent\" data-id=\"b284f2e\" data-element_type=\"container\" data-e-type=\"container\">\n\t\t\t\t\t<div class=\"e-con-inner\">\n\t\t\t\t<div class=\"elementor-element elementor-element-7798252 elementor-widget elementor-widget-text-editor\" data-id=\"7798252\" data-element_type=\"widget\" data-e-type=\"widget\" data-widget_type=\"text-editor.default\">\n\t\t\t\t<div class=\"elementor-widget-container\">\n\t\t\t\t\t\t\t\t\t<p>Mindig sz\u00edvesen fogadjuk az olyan tehets\u00e9ges szakemberek jelentkez\u00e9s\u00e9t, akik elk\u00f6telezettek a magas min\u0151s\u00e9g\u0171, professzion\u00e1lis vend\u00e9gl\u00e1t\u00e1s ir\u00e1nt.<\/p><p>Ha rendelkezel legal\u00e1bb\u00a0 1 \u00e9v sz\u00ednvonalas \u00e9ttermi tapasztalattal, j\u00f3 a munkamor\u00e1lod, pozit\u00edv a hozz\u00e1\u00e1ll\u00e1sod, nyitott vagy a szakmai fejl\u0151d\u00e9sre, odafigyelsz a r\u00e9szletekre, korrekt \u00e9s tisztess\u00e9ges vagy a koll\u00e9g\u00e1iddal \u00e9s a vend\u00e9gekkel, t\u00f6ltsd ki az al\u00e1bbi \u0171rlapot:<\/p>\t\t\t\t\t\t\t\t<\/div>\n\t\t\t\t<\/div>\n\t\t\t\t<div class=\"elementor-element elementor-element-1608191 elementor-button-align-stretch elementor-widget elementor-widget-form\" data-id=\"1608191\" data-element_type=\"widget\" data-e-type=\"widget\" data-settings=\"{&quot;step_next_label&quot;:&quot;Next&quot;,&quot;step_previous_label&quot;:&quot;Previous&quot;,&quot;button_width&quot;:&quot;100&quot;,&quot;step_type&quot;:&quot;number_text&quot;,&quot;step_icon_shape&quot;:&quot;circle&quot;}\" data-widget_type=\"form.default\">\n\t\t\t\t<div class=\"elementor-widget-container\">\n\t\t\t\t\t\t\t<form class=\"elementor-form\" method=\"post\" name=\"karrier\" aria-label=\"karrier\">\n\t\t\t<input type=\"hidden\" name=\"post_id\" value=\"398\"\/>\n\t\t\t<input type=\"hidden\" name=\"form_id\" value=\"1608191\"\/>\n\t\t\t<input type=\"hidden\" name=\"referer_title\" value=\"Karrier - Bigfish\" \/>\n\n\t\t\t\t\t\t\t<input type=\"hidden\" name=\"queried_id\" value=\"398\"\/>\n\t\t\t\n\t\t\t<div class=\"elementor-form-fields-wrapper elementor-labels-above\">\n\t\t\t\t\t\t\t\t<div class=\"elementor-field-type-text elementor-field-group elementor-column elementor-field-group-name elementor-col-100\">\n\t\t\t\t\t\t\t\t\t\t\t\t<label for=\"form-field-name\" class=\"elementor-field-label\">\n\t\t\t\t\t\t\t\tTeljes n\u00e9v\t\t\t\t\t\t\t<\/label>\n\t\t\t\t\t\t\t\t\t\t\t\t\t\t<input size=\"1\" type=\"text\" name=\"form_fields[name]\" id=\"form-field-name\" class=\"elementor-field elementor-size-sm  elementor-field-textual\" placeholder=\"Teljes n\u00e9v\">\n\t\t\t\t\t\t\t\t\t\t\t<\/div>\n\t\t\t\t\t\t\t\t<div class=\"elementor-field-type-select elementor-field-group elementor-column elementor-field-group-field_aa330e3 elementor-col-100\">\n\t\t\t\t\t\t\t\t\t\t\t\t<label for=\"form-field-field_aa330e3\" class=\"elementor-field-label\">\n\t\t\t\t\t\t\t\tMunkak\u00f6r, amelyre jelentkezni szeretn\u00e9l\t\t\t\t\t\t\t<\/label>\n\t\t\t\t\t\t\t\t<div class=\"elementor-field elementor-select-wrapper remove-before \">\n\t\t\t<div class=\"select-caret-down-wrapper\">\n\t\t\t\t<i aria-hidden=\"true\" class=\"eicon-caret-down\"><\/i>\t\t\t<\/div>\n\t\t\t<select name=\"form_fields[field_aa330e3]\" id=\"form-field-field_aa330e3\" class=\"elementor-field-textual elementor-size-sm\">\n\t\t\t\t\t\t\t\t\t<option value=\"\u00dczletvezet\u0151\">\u00dczletvezet\u0151<\/option>\n\t\t\t\t\t\t\t\t\t<option value=\"\"><\/option>\n\t\t\t\t\t\t\t<\/select>\n\t\t<\/div>\n\t\t\t\t\t\t<\/div>\n\t\t\t\t\t\t\t\t<div class=\"elementor-field-type-email elementor-field-group elementor-column elementor-field-group-email elementor-col-100 elementor-field-required\">\n\t\t\t\t\t\t\t\t\t\t\t\t<label for=\"form-field-email\" class=\"elementor-field-label\">\n\t\t\t\t\t\t\t\tEmail\t\t\t\t\t\t\t<\/label>\n\t\t\t\t\t\t\t\t\t\t\t\t\t\t<input size=\"1\" type=\"email\" name=\"form_fields[email]\" id=\"form-field-email\" class=\"elementor-field elementor-size-sm  elementor-field-textual\" placeholder=\"Email\" required=\"required\">\n\t\t\t\t\t\t\t\t\t\t\t<\/div>\n\t\t\t\t\t\t\t\t<div class=\"elementor-field-type-tel elementor-field-group elementor-column elementor-field-group-field_daade62 elementor-col-100 elementor-field-required\">\n\t\t\t\t\t\t\t\t\t\t\t\t<label for=\"form-field-field_daade62\" class=\"elementor-field-label\">\n\t\t\t\t\t\t\t\tTelefonsz\u00e1m\t\t\t\t\t\t\t<\/label>\n\t\t\t\t\t\t\t\t<input size=\"1\" type=\"tel\" name=\"form_fields[field_daade62]\" id=\"form-field-field_daade62\" class=\"elementor-field elementor-size-sm  elementor-field-textual\" placeholder=\"Telefonsz\u00e1m\" required=\"required\" pattern=\"[0-9()#&amp;+*-=.]+\" title=\"Phone number\">\n\n\t\t\t\t\t\t<\/div>\n\t\t\t\t\t\t\t\t<div class=\"elementor-field-type-upload elementor-field-group elementor-column elementor-field-group-message elementor-col-100 elementor-field-required\">\n\t\t\t\t\t\t\t\t\t\t\t\t<label for=\"form-field-message\" class=\"elementor-field-label\">\n\t\t\t\t\t\t\t\t\u00d6n\u00e9letrajz\t\t\t\t\t\t\t<\/label>\n\t\t\t\t\t\t\t\t<input type=\"file\" name=\"form_fields[message][]\" id=\"form-field-message\" class=\"elementor-field elementor-size-sm  elementor-upload-field\" required=\"required\" multiple=\"multiple\" data-maxsize=\"128\" data-maxsize-message=\"This file exceeds the maximum allowed size.\">\n\n\t\t\t\t\t\t<\/div>\n\t\t\t\t\t\t\t\t<div class=\"elementor-field-group elementor-column elementor-field-type-submit elementor-col-100 e-form__buttons\">\n\t\t\t\t\t<button class=\"elementor-button elementor-size-sm\" type=\"submit\">\n\t\t\t\t\t\t<span class=\"elementor-button-content-wrapper\">\n\t\t\t\t\t\t\t\t\t\t\t\t\t\t\t\t\t\t\t\t\t\t<span class=\"elementor-button-text\">K\u00fcld\u00e9s<\/span>\n\t\t\t\t\t\t\t\t\t\t\t\t\t<\/span>\n\t\t\t\t\t<\/button>\n\t\t\t\t<\/div>\n\t\t\t<\/div>\n\t\t<\/form>\n\t\t\t\t\t\t<\/div>\n\t\t\t\t<\/div>\n\t\t\t\t<div class=\"elementor-element elementor-element-a8bb7b9 elementor-widget__width-auto elementor-widget elementor-widget-heading\" data-id=\"a8bb7b9\" data-element_type=\"widget\" data-e-type=\"widget\" data-widget_type=\"heading.default\">\n\t\t\t\t<div class=\"elementor-widget-container\">\n\t\t\t\t\t<h2 class=\"elementor-heading-title elementor-size-default\"><a href=\"mailto:info@thebigfish.hu\">Itt is kereshetsz minket:<\/a><\/h2>\t\t\t\t<\/div>\n\t\t\t\t<\/div>\n\t\t\t\t<div class=\"elementor-element elementor-element-d9c7def elementor-widget__width-auto elementor-widget elementor-widget-heading\" data-id=\"d9c7def\" data-element_type=\"widget\" data-e-type=\"widget\" data-widget_type=\"heading.default\">\n\t\t\t\t<div class=\"elementor-widget-container\">\n\t\t\t\t\t<h2 class=\"elementor-heading-title elementor-size-default\"><a href=\"mailto:info@thebigfish.hu\">info@thebigfish.hu<\/a><\/h2>\t\t\t\t<\/div>\n\t\t\t\t<\/div>\n\t\t\t\t<div class=\"elementor-element elementor-element-8943574 elementor-widget__width-auto elementor-widget elementor-widget-heading\" data-id=\"8943574\" data-element_type=\"widget\" data-e-type=\"widget\" data-widget_type=\"heading.default\">\n\t\t\t\t<div class=\"elementor-widget-container\">\n\t\t\t\t\t<h2 class=\"elementor-heading-title elementor-size-default\">1061 Budapest, Andr\u00e1ssy \u00fat 44.\n<\/h2>\t\t\t\t<\/div>\n\t\t\t\t<\/div>\n\t\t\t\t<div class=\"elementor-element elementor-element-11f9770 elementor-align-center elementor-widget elementor-widget-button\" data-id=\"11f9770\" data-element_type=\"widget\" data-e-type=\"widget\" data-widget_type=\"button.default\">\n\t\t\t\t<div class=\"elementor-widget-container\">\n\t\t\t\t\t\t\t\t\t<div class=\"elementor-button-wrapper\">\n\t\t\t\t\t<a class=\"elementor-button elementor-button-link elementor-size-sm\" href=\"https:\/\/thebigfish.hu\/\">\n\t\t\t\t\t\t<span class=\"elementor-button-content-wrapper\">\n\t\t\t\t\t\t\t\t\t<span class=\"elementor-button-text\">F\u0151oldal<\/span>\n\t\t\t\t\t<\/span>\n\t\t\t\t\t<\/a>\n\t\t\t\t<\/div>\n\t\t\t\t\t\t\t\t<\/div>\n\t\t\t\t<\/div>\n\t\t\t\t\t<\/div>\n\t\t\t\t<\/div>\n\t\t<div class=\"elementor-element elementor-element-9b40a28 e-flex e-con-boxed e-con e-parent\" data-id=\"9b40a28\" data-element_type=\"container\" data-e-type=\"container\" data-settings=\"{&quot;background_background&quot;:&quot;classic&quot;}\">\n\t\t\t\t\t<div class=\"e-con-inner\">\n\t\t\t\t\t<\/div>\n\t\t\t\t<\/div>\n\t\t\t\t<\/div>\n\t\t","protected":false},"excerpt":{"rendered":"<p>HU HU EN Foglal\u00e1s R\u00f3lunk Konyha Bor Karrier Kapcsolat Karrier Mindig sz\u00edvesen fogadjuk az olyan tehets\u00e9ges szakemberek jelentkez\u00e9s\u00e9t, akik elk\u00f6telezettek a magas min\u0151s\u00e9g\u0171, professzion\u00e1lis vend\u00e9gl\u00e1t\u00e1s ir\u00e1nt. Ha rendelkezel legal\u00e1bb\u00a0 1 \u00e9v sz\u00ednvonalas \u00e9ttermi tapasztalattal, j\u00f3 a munkamor\u00e1lod, pozit\u00edv a hozz\u00e1\u00e1ll\u00e1sod, nyitott vagy a szakmai fejl\u0151d\u00e9sre, odafigyelsz a r\u00e9szletekre, korrekt \u00e9s tisztess\u00e9ges vagy a koll\u00e9g\u00e1iddal \u00e9s [&hellip;]<\/p>\n","protected":false},"author":1,"featured_media":0,"parent":0,"menu_order":0,"comment_status":"closed","ping_status":"closed","template":"elementor_canvas","meta":{"footnotes":""},"class_list":["post-398","page","type-page","status-publish","hentry"],"_links":{"self":[{"href":"https:\/\/thebigfish.hu\/en\/wp-json\/wp\/v2\/pages\/398","targetHints":{"allow":["GET"]}}],"collection":[{"href":"https:\/\/thebigfish.hu\/en\/wp-json\/wp\/v2\/pages"}],"about":[{"href":"https:\/\/thebigfish.hu\/en\/wp-json\/wp\/v2\/types\/page"}],"author":[{"embeddable":true,"href":"https:\/\/thebigfish.hu\/en\/wp-json\/wp\/v2\/users\/1"}],"replies":[{"embeddable":true,"href":"https:\/\/thebigfish.hu\/en\/wp-json\/wp\/v2\/comments?post=398"}],"version-history":[{"count":32,"href":"https:\/\/thebigfish.hu\/en\/wp-json\/wp\/v2\/pages\/398\/revisions"}],"predecessor-version":[{"id":699,"href":"https:\/\/thebigfish.hu\/en\/wp-json\/wp\/v2\/pages\/398\/revisions\/699"}],"wp:attachment":[{"href":"https:\/\/thebigfish.hu\/en\/wp-json\/wp\/v2\/media?parent=398"}],"curies":[{"name":"wp","href":"https:\/\/api.w.org\/{rel}","templated":true}]}}